{"id":2913,"date":"2024-06-20T17:32:11","date_gmt":"2024-06-20T17:32:11","guid":{"rendered":"https:\/\/ricky-tiki.com\/?post_type=product&#038;p=2913"},"modified":"2026-03-23T20:39:42","modified_gmt":"2026-03-23T20:39:42","slug":"ricky-tikis-sports-single-package","status":"publish","type":"product","link":"https:\/\/ricky-tiki.com\/es\/producto\/ricky-tikis-sports-single-package\/","title":{"rendered":"Paquete individual deportivo de Ricky-Tiki"},"content":{"rendered":"","protected":false},"excerpt":{"rendered":"<p>Incluye:<\/p>\n<ul>\n<li>1 Antorcha<\/li>\n<li>1 Sombrilla<\/li>\n<li>1 Soporte especial para botes, camionetas &amp; RVs<\/li>\n<li>1 embudo Ricky-Tiki<\/li>\n<li>Abrazaderas ajustables vers\u00e1tiles<strong>:<\/strong>\n<ul>\n<li>Ideal para dar servicio a unidades marinas, barcos y yates.<\/li>\n<li>Adecuado para instalaci\u00f3n en veh\u00edculos recreativos, camiones de carga grandes y veh\u00edculos de dieciocho ruedas.<\/li>\n<\/ul>\n<\/li>\n<\/ul>\n<p><strong><a href=\"https:\/\/ricky-tiki.com\/wp-content\/uploads\/2024\/07\/Ricky-Tiki-PDf-Shipping-Policy2.pdf\">Revisa nuestra pol\u00edtica de env\u00edo<\/a><\/strong><\/p>","protected":false},"featured_media":2912,"comment_status":"open","ping_status":"closed","template":"","meta":[],"etheme_brands":[],"product_brand":[],"product_cat":[49],"product_tag":[53,54,52],"class_list":{"0":"post-2913","1":"product","2":"type-product","3":"status-publish","4":"has-post-thumbnail","6":"product_cat-package","7":"product_tag-holders","8":"product_tag-ricky-tiki","9":"product_tag-torch","11":"first","12":"instock","13":"shipping-taxable","14":"purchasable","15":"product-type-simple"},"_links":{"self":[{"href":"https:\/\/ricky-tiki.com\/es\/wp-json\/wp\/v2\/product\/2913","targetHints":{"allow":["GET"]}}],"collection":[{"href":"https:\/\/ricky-tiki.com\/es\/wp-json\/wp\/v2\/product"}],"about":[{"href":"https:\/\/ricky-tiki.com\/es\/wp-json\/wp\/v2\/types\/product"}],"replies":[{"embeddable":true,"href":"https:\/\/ricky-tiki.com\/es\/wp-json\/wp\/v2\/comments?post=2913"}],"version-history":[{"count":5,"href":"https:\/\/ricky-tiki.com\/es\/wp-json\/wp\/v2\/product\/2913\/revisions"}],"predecessor-version":[{"id":3035,"href":"https:\/\/ricky-tiki.com\/es\/wp-json\/wp\/v2\/product\/2913\/revisions\/3035"}],"wp:featuredmedia":[{"embeddable":true,"href":"https:\/\/ricky-tiki.com\/es\/wp-json\/wp\/v2\/media\/2912"}],"wp:attachment":[{"href":"https:\/\/ricky-tiki.com\/es\/wp-json\/wp\/v2\/media?parent=2913"}],"wp:term":[{"taxonomy":"brand","embeddable":true,"href":"https:\/\/ricky-tiki.com\/es\/wp-json\/wp\/v2\/etheme_brands?post=2913"},{"taxonomy":"product_brand","embeddable":true,"href":"https:\/\/ricky-tiki.com\/es\/wp-json\/wp\/v2\/product_brand?post=2913"},{"taxonomy":"product_cat","embeddable":true,"href":"https:\/\/ricky-tiki.com\/es\/wp-json\/wp\/v2\/product_cat?post=2913"},{"taxonomy":"product_tag","embeddable":true,"href":"https:\/\/ricky-tiki.com\/es\/wp-json\/wp\/v2\/product_tag?post=2913"}],"curies":[{"name":"wp","href":"https:\/\/api.w.org\/{rel}","templated":true}]}}